{"id":382,"date":"2024-03-10T20:36:09","date_gmt":"2024-03-10T20:36:09","guid":{"rendered":"https:\/\/specificnew.wpenginepowered.com\/bellinzona\/?page_id=382"},"modified":"2024-04-25T07:24:25","modified_gmt":"2024-04-25T07:24:25","slug":"squadra","status":"publish","type":"page","link":"https:\/\/www.15mcityspecific.org\/bellinzona\/squadra\/","title":{"rendered":"Team"},"content":{"rendered":"\n<p>Il team di SPECIFIC per Bellinzona \u00e8 composto dai ricercatori SUPSI e dai tre partner di implementazione Citt\u00e0 di Bellinzona, ATA-Svizzera Italiana e PRO VELO Ticino.<\/p>\n\n\n\n<section class=\"listing\">\n    \n    \n                        <div class=\"full-width\">\n                <div class=\"container midi\">\n                    <div class=\"grid team\">\n                                                    \t<a class=\"tile\" href=\"https:\/\/www.supsi.ch\/francesca-cellina\" target=\"_blank\" rel=\"noopener\">\n        \n        <div class=\"image-block\">\n            <img loading=\"lazy\" decoding=\"async\" width=\"299\" height=\"400\" src=\"https:\/\/www.15mcityspecific.org\/bellinzona\/wp-content\/uploads\/sites\/2\/2024\/04\/Francesca_Cellina-299x400.jpg\" class=\"attachment-medium size-medium wp-post-image\" alt=\"\" srcset=\"https:\/\/www.15mcityspecific.org\/bellinzona\/wp-content\/uploads\/sites\/2\/2024\/04\/Francesca_Cellina-299x400.jpg 299w, https:\/\/www.15mcityspecific.org\/bellinzona\/wp-content\/uploads\/sites\/2\/2024\/04\/Francesca_Cellina.jpg 659w\" sizes=\"auto, (max-width: 299px) 100vw, 299px\" \/>        <\/div>\n\n        <div class=\"text-block\">\n            <div>\n                <h3>Dr. Francesca Cellina<\/h3>\n                \t<p class=\"meta-tag\">Scuola Universitaria Professionale della Svizzera Italiana (SUPSI)<\/p>\n                <p>Francesca dirige il team SPECIFIC di Bellinzona. \u00c8 ricercatrice senior all&#8217;Istituto di sostenibilit\u00e0 applicata all&#8217;ambiente costruito (ISAAC) della SUPSI, presso il quale \u00e8 responsabile del team &#8220;Sostenibilit\u00e0 e societ\u00e0&#8221;.<\/p>\n            <\/div>\n        <\/div>\n    <\/a>\n                                                    \t<a class=\"tile\" href=\"https:\/\/www.supsi.ch\/tiziano-gerosa\" target=\"_blank\" rel=\"noopener\">\n        \n        <div class=\"image-block\">\n            <img loading=\"lazy\" decoding=\"async\" width=\"383\" height=\"400\" src=\"https:\/\/www.15mcityspecific.org\/bellinzona\/wp-content\/uploads\/sites\/2\/2024\/04\/Tiziano_Gerosa-383x400.jpg\" class=\"attachment-medium size-medium wp-post-image\" alt=\"\" srcset=\"https:\/\/www.15mcityspecific.org\/bellinzona\/wp-content\/uploads\/sites\/2\/2024\/04\/Tiziano_Gerosa-383x400.jpg 383w, https:\/\/www.15mcityspecific.org\/bellinzona\/wp-content\/uploads\/sites\/2\/2024\/04\/Tiziano_Gerosa-1149x1200.jpg 1149w, https:\/\/www.15mcityspecific.org\/bellinzona\/wp-content\/uploads\/sites\/2\/2024\/04\/Tiziano_Gerosa-768x802.jpg 768w, https:\/\/www.15mcityspecific.org\/bellinzona\/wp-content\/uploads\/sites\/2\/2024\/04\/Tiziano_Gerosa-1471x1536.jpg 1471w, https:\/\/www.15mcityspecific.org\/bellinzona\/wp-content\/uploads\/sites\/2\/2024\/04\/Tiziano_Gerosa-1961x2048.jpg 1961w\" sizes=\"auto, (max-width: 383px) 100vw, 383px\" \/>        <\/div>\n\n        <div class=\"text-block\">\n            <div>\n                <h3>Dr. Tiziano Gerosa<\/h3>\n                \t<p class=\"meta-tag\">Scuola Universitaria Professionale della Svizzera Italiana (SUPSI)<\/p>\n                <p>Tiziano \u00e8 un ricercatore SUPSI-ISAAC, presso il quale valuta gli effetti ambientali e sociali di pratiche e tecnologie di mobilit\u00e0 innovative. \u00c8 esperto di metodi e tecniche di ricerca sociale.<\/p>\n            <\/div>\n        <\/div>\n    <\/a>\n                                                    \t<a class=\"tile\" href=\"https:\/\/www.supsi.ch\/marco-belliardi\" target=\"_blank\" rel=\"noopener\">\n        \n        <div class=\"image-block\">\n            <img loading=\"lazy\" decoding=\"async\" width=\"267\" height=\"400\" src=\"https:\/\/www.15mcityspecific.org\/bellinzona\/wp-content\/uploads\/sites\/2\/2024\/04\/Marco_Belliardi-267x400.jpg\" class=\"attachment-medium size-medium wp-post-image\" alt=\"\" srcset=\"https:\/\/www.15mcityspecific.org\/bellinzona\/wp-content\/uploads\/sites\/2\/2024\/04\/Marco_Belliardi-267x400.jpg 267w, https:\/\/www.15mcityspecific.org\/bellinzona\/wp-content\/uploads\/sites\/2\/2024\/04\/Marco_Belliardi-800x1200.jpg 800w, https:\/\/www.15mcityspecific.org\/bellinzona\/wp-content\/uploads\/sites\/2\/2024\/04\/Marco_Belliardi-768x1152.jpg 768w, https:\/\/www.15mcityspecific.org\/bellinzona\/wp-content\/uploads\/sites\/2\/2024\/04\/Marco_Belliardi-1024x1536.jpg 1024w, https:\/\/www.15mcityspecific.org\/bellinzona\/wp-content\/uploads\/sites\/2\/2024\/04\/Marco_Belliardi.jpg 1333w\" sizes=\"auto, (max-width: 267px) 100vw, 267px\" \/>        <\/div>\n\n        <div class=\"text-block\">\n            <div>\n                <h3>Dr. Marco Belliardi<\/h3>\n                \t<p class=\"meta-tag\">Scuola Universitaria Professionale della Svizzera Italiana (SUPSI)<\/p>\n                <p>Marco \u00e8 un ricercatore SUPSI-ISAAC, presso il quale conduce progetti di ricerca e fornisce consulenze nei settori dell&#8217;efficienza energetica ed economica, delle energie rinnovabili e della pianificazione energetica territoriale.<\/p>\n            <\/div>\n        <\/div>\n    <\/a>\n                                                    \t<a class=\"tile\" href=\"https:\/\/www.supsi.ch\/en\/caterina-berlusconi\" target=\"_blank\" rel=\"noopener\">\n        \n        <div class=\"image-block\">\n            <img loading=\"lazy\" decoding=\"async\" width=\"400\" height=\"375\" src=\"https:\/\/www.15mcityspecific.org\/bellinzona\/wp-content\/uploads\/sites\/2\/2024\/03\/Caterina_Berlusconi-400x375.jpg\" class=\"attachment-medium size-medium wp-post-image\" alt=\"\" srcset=\"https:\/\/www.15mcityspecific.org\/bellinzona\/wp-content\/uploads\/sites\/2\/2024\/03\/Caterina_Berlusconi-400x375.jpg 400w, https:\/\/www.15mcityspecific.org\/bellinzona\/wp-content\/uploads\/sites\/2\/2024\/03\/Caterina_Berlusconi-1200x1124.jpg 1200w, https:\/\/www.15mcityspecific.org\/bellinzona\/wp-content\/uploads\/sites\/2\/2024\/03\/Caterina_Berlusconi-768x719.jpg 768w, https:\/\/www.15mcityspecific.org\/bellinzona\/wp-content\/uploads\/sites\/2\/2024\/03\/Caterina_Berlusconi.jpg 1496w\" sizes=\"auto, (max-width: 400px) 100vw, 400px\" \/>        <\/div>\n\n        <div class=\"text-block\">\n            <div>\n                <h3>Caterina Berlusconi<\/h3>\n                \t<p class=\"meta-tag\">Scuola Universitaria Professionale della Svizzera Italiana (SUPSI)<\/p>\n                <p>Caterina \u00e8 assistente di ricerca alla SUPSI-ISAAC, con un background accademico diversificato in scienze ambientali e relazioni internazionali. Attualmente la sua ricerca si concentra sulla sostenibilit\u00e0 applicata alla mobilit\u00e0 locale.<\/p>\n            <\/div>\n        <\/div>\n    <\/a>\n                                                    \t<a class=\"tile\" href=\"https:\/\/www.bellinzona.ch\/index.php?node=840&#038;lng=1&#038;rif=617ae71be2\" target=\"_blank\" rel=\"noopener\">\n        \n        <div class=\"image-block\">\n            <img loading=\"lazy\" decoding=\"async\" width=\"225\" height=\"225\" src=\"https:\/\/www.15mcityspecific.org\/bellinzona\/wp-content\/uploads\/sites\/2\/2024\/05\/download.png\" class=\"attachment-medium size-medium wp-post-image\" alt=\"\" srcset=\"https:\/\/www.15mcityspecific.org\/bellinzona\/wp-content\/uploads\/sites\/2\/2024\/05\/download.png 225w, https:\/\/www.15mcityspecific.org\/bellinzona\/wp-content\/uploads\/sites\/2\/2024\/05\/download-200x200.png 200w\" sizes=\"auto, (max-width: 225px) 100vw, 225px\" \/>        <\/div>\n\n        <div class=\"text-block\">\n            <div>\n                <h3>Citt\u00e0 di Bellinzona<\/h3>\n                \t<p class=\"meta-tag\">Dicastero Territorio e Mobilit\u00e0 &#8211; Lucia Gallucci Fedon<\/p>\n                <p>Prendendo parte a SPECIFIC, la citt\u00e0 rinnova i propri importanti sforzi per la promozione della mobilit\u00e0 attiva, in particolar modo l\u2019uso della bicicletta sia a scopi pendolari sia per il tempo libero, esplorando altres\u00ec il potenziale concreto dell\u2019innovativo concetto di sviluppo urbano della Citt\u00e0 dei 15 Minuti.<\/p>\n            <\/div>\n        <\/div>\n    <\/a>\n                                                    \t<a class=\"tile\" href=\"https:\/\/www.ata.ch\/\" target=\"_blank\" rel=\"noopener\">\n        \n        <div class=\"image-block\">\n            <img loading=\"lazy\" decoding=\"async\" width=\"400\" height=\"400\" src=\"https:\/\/www.15mcityspecific.org\/bellinzona\/wp-content\/uploads\/sites\/2\/2024\/05\/Progetto-senza-titolo-3-400x400.png\" class=\"attachment-medium size-medium wp-post-image\" alt=\"\" srcset=\"https:\/\/www.15mcityspecific.org\/bellinzona\/wp-content\/uploads\/sites\/2\/2024\/05\/Progetto-senza-titolo-3-400x400.png 400w, https:\/\/www.15mcityspecific.org\/bellinzona\/wp-content\/uploads\/sites\/2\/2024\/05\/Progetto-senza-titolo-3-200x200.png 200w, https:\/\/www.15mcityspecific.org\/bellinzona\/wp-content\/uploads\/sites\/2\/2024\/05\/Progetto-senza-titolo-3.png 500w\" sizes=\"auto, (max-width: 400px) 100vw, 400px\" \/>        <\/div>\n\n        <div class=\"text-block\">\n            <div>\n                <h3>Associazione traffico e ambiente (ATA)<\/h3>\n                \t<p class=\"meta-tag\">Sezione della Svizzera italiana &#8211; Fabio Bossi<\/p>\n                <p>L\u2019ATA \u00e8 un\u2019associazione di pubblica utilit\u00e0 che persegue la mobilit\u00e0 sostenibile e la transizione climatica, promuovendo strade pi\u00f9 vivibili e sicure, nonch\u00e9 l\u2019uso della bicicletta e del trasporto pubblico sin dall\u2019infanzia.<\/p>\n            <\/div>\n        <\/div>\n    <\/a>\n                                                    \t<a class=\"tile\" href=\"https:\/\/www.proveloticino.ch\/provelo\/home.html;jsessionid=DDA39CEBEA79FAD1BF820DC33CFCC1FB\" target=\"_blank\" rel=\"noopener\">\n        \n        <div class=\"image-block\">\n            <img loading=\"lazy\" decoding=\"async\" width=\"400\" height=\"400\" src=\"https:\/\/www.15mcityspecific.org\/bellinzona\/wp-content\/uploads\/sites\/2\/2024\/05\/PVT_logo_circolare_rosso-400x400.jpg\" class=\"attachment-medium size-medium wp-post-image\" alt=\"\" srcset=\"https:\/\/www.15mcityspecific.org\/bellinzona\/wp-content\/uploads\/sites\/2\/2024\/05\/PVT_logo_circolare_rosso-400x400.jpg 400w, https:\/\/www.15mcityspecific.org\/bellinzona\/wp-content\/uploads\/sites\/2\/2024\/05\/PVT_logo_circolare_rosso-200x200.jpg 200w, https:\/\/www.15mcityspecific.org\/bellinzona\/wp-content\/uploads\/sites\/2\/2024\/05\/PVT_logo_circolare_rosso-768x768.jpg 768w, https:\/\/www.15mcityspecific.org\/bellinzona\/wp-content\/uploads\/sites\/2\/2024\/05\/PVT_logo_circolare_rosso.jpg 998w\" sizes=\"auto, (max-width: 400px) 100vw, 400px\" \/>        <\/div>\n\n        <div class=\"text-block\">\n            <div>\n                <h3>PRO Velo<\/h3>\n                \t<p class=\"meta-tag\">Sezione Ticino &#8211; Marco Vitali, Gilbert Bernardoni, Claudio Sabbadini<\/p>\n                <p>PRO VELO \u00e8 l&#8217;associazione senza scopo di lucro che si impegna a favore di tutti gli interessi relativi alla bicicletta, in particolar modo per la sicurezza dei ciclisti, il miglioramento dell\u2019infrastruttura ciclabile e l\u2019integrazione efficiente fra bicicletta e trasporto pubblico.<\/p>\n            <\/div>\n        <\/div>\n    <\/a>\n                                                    \t<a class=\"tile\" href=\"https:\/\/pedibus.ch\/it\/\" target=\"_blank\" rel=\"noopener\">\n        \n        <div class=\"image-block\">\n            <img loading=\"lazy\" decoding=\"async\" width=\"400\" height=\"305\" src=\"https:\/\/www.15mcityspecific.org\/bellinzona\/wp-content\/uploads\/sites\/2\/2025\/01\/Progetto-senza-titolo-400x305.png\" class=\"attachment-medium size-medium wp-post-image\" alt=\"\" srcset=\"https:\/\/www.15mcityspecific.org\/bellinzona\/wp-content\/uploads\/sites\/2\/2025\/01\/Progetto-senza-titolo-400x305.png 400w, https:\/\/www.15mcityspecific.org\/bellinzona\/wp-content\/uploads\/sites\/2\/2025\/01\/Progetto-senza-titolo-1200x915.png 1200w, https:\/\/www.15mcityspecific.org\/bellinzona\/wp-content\/uploads\/sites\/2\/2025\/01\/Progetto-senza-titolo-768x585.png 768w, https:\/\/www.15mcityspecific.org\/bellinzona\/wp-content\/uploads\/sites\/2\/2025\/01\/Progetto-senza-titolo-1536x1171.png 1536w, https:\/\/www.15mcityspecific.org\/bellinzona\/wp-content\/uploads\/sites\/2\/2025\/01\/Progetto-senza-titolo-2048x1561.png 2048w\" sizes=\"auto, (max-width: 400px) 100vw, 400px\" \/>        <\/div>\n\n        <div class=\"text-block\">\n            <div>\n                <h3>ATA Pedibus<\/h3>\n                \t<p class=\"meta-tag\">Coordinamento Ticino &#8211; Caterina Bassoli<\/p>\n                <p>ATA Pedibus \u00e8 l\u2019organo dell\u2019ATA che si occupa in maniera specifica della gestione delle linee di accompagnamento &#8211; a piedi o in bicicletta &#8211; dei bambini nel tragitto casa-scuola, tramite il coordinamento di genitori e altri volontari.<\/p>\n            <\/div>\n        <\/div>\n    <\/a>\n                                                                    <\/div>\n                <\/div>\n            <\/div>\n                                    <div class=\"facetwp-facet facetwp-facet-load_more facetwp-type-pager\" data-name=\"load_more\" data-type=\"pager\"><\/div><\/section>\n\n","protected":false},"excerpt":{"rendered":"<p>Il team di SPECIFIC per Bellinzona \u00e8 composto dai ricercatori SUPSI e dai tre partner di implementazione Citt\u00e0 di Bellinzona, ATA-Svizzera Italiana e PRO VELO Ticino.<\/p>\n","protected":false},"author":2,"featured_media":0,"parent":0,"menu_order":0,"comment_status":"closed","ping_status":"closed","template":"","meta":{"_acf_changed":false,"_monsterinsights_skip_tracking":false,"_monsterinsights_sitenote_active":false,"_monsterinsights_sitenote_note":"","_monsterinsights_sitenote_category":0,"footnotes":""},"class_list":["post-382","page","type-page","status-publish","hentry"],"acf":[],"publishpress_future_workflow_manual_trigger":{"enabledWorkflows":[]},"_links":{"self":[{"href":"https:\/\/www.15mcityspecific.org\/bellinzona\/wp-json\/wp\/v2\/pages\/382","targetHints":{"allow":["GET"]}}],"collection":[{"href":"https:\/\/www.15mcityspecific.org\/bellinzona\/wp-json\/wp\/v2\/pages"}],"about":[{"href":"https:\/\/www.15mcityspecific.org\/bellinzona\/wp-json\/wp\/v2\/types\/page"}],"author":[{"embeddable":true,"href":"https:\/\/www.15mcityspecific.org\/bellinzona\/wp-json\/wp\/v2\/users\/2"}],"replies":[{"embeddable":true,"href":"https:\/\/www.15mcityspecific.org\/bellinzona\/wp-json\/wp\/v2\/comments?post=382"}],"version-history":[{"count":0,"href":"https:\/\/www.15mcityspecific.org\/bellinzona\/wp-json\/wp\/v2\/pages\/382\/revisions"}],"wp:attachment":[{"href":"https:\/\/www.15mcityspecific.org\/bellinzona\/wp-json\/wp\/v2\/media?parent=382"}],"curies":[{"name":"wp","href":"https:\/\/api.w.org\/{rel}","templated":true}]}}