{"id":293,"date":"2024-03-10T18:49:17","date_gmt":"2024-03-10T18:49:17","guid":{"rendered":"https:\/\/specificnew.wpenginepowered.com\/bellinzona\/?page_id=293"},"modified":"2024-03-10T19:01:38","modified_gmt":"2024-03-10T19:01:38","slug":"videodiari","status":"publish","type":"page","link":"https:\/\/www.15mcityspecific.org\/bellinzona\/videodiari\/","title":{"rendered":"Videodiari"},"content":{"rendered":"\n<section class=\"listing\">\n    \n    \n                        <div class=\"grid video-diaries\">\n                                    \n<div class=\"tile\">\n<div class=\"image-block\">\n<button class=\"youtube-button\" aria-label=\"Play Youtube Video\" data-video-id=\"BU6djpzp_tU\"><\/button>\n<\/div>\n<div class=\"text-block\">\n        <div>\n            <h3>Camorino conclude la sfida e vince! <\/h3>\n            <p>Dopo due mesi di pedalate, attivit\u00e0 e tanto entusiasmo, l\u2019esperimento SPECIFIC alla Scuola Elementare di Camorino si \u00e8 concluso con una grande festa finale. Bambini, genitori e insegnanti hanno partecipato con impegno, trasformando la bicicletta in una vera protagonista della quotidianit\u00e0.<br \/>\nLa sfida \u00e8 stata vinta: grazie ai punti raccolti, l\u2019intera scuola ha conquistato il premio finale, una gita al Museo dei Trasporti di Lucerna. Un progetto che ha unito la comunit\u00e0 scolastica e speriamo lasci un segno duraturo nelle abitudini di mobilit\u00e0.<\/p>\n            <p class=\"meta-tag\"><svg xmlns=\"http:\/\/www.w3.org\/2000\/svg\" width=\"18\" height=\"18\" viewBox=\"0 0 18 18\"><circle cx=\"9\" cy=\"9\" r=\"9\" style=\"fill:#4dcbc6;stroke-width:0\"\/><path d=\"m9.35 10.06 4.58-2a.88.88 0 0 0 .46-1.16.88.88 0 0 0-1.16-.46L9.88 7.9V2.25c0-.49-.39-.88-.88-.88s-.88.39-.88.88v7c0 .3.15.57.4.74.15.1.31.14.48.14.12 0 .24-.02.35-.07Z\" style=\"fill:#fff;stroke-width:0\"\/><\/svg>16 Jan, 2026 <\/p>\n        <\/div>\n    <\/div>\n<\/div>\n\n                                    \n<div class=\"tile\">\n<div class=\"image-block\">\n<button class=\"youtube-button\" aria-label=\"Play Youtube Video\" data-video-id=\"TIaP96zj1Gc\"><\/button>\n<\/div>\n<div class=\"text-block\">\n        <div>\n            <h3>L&#8217;inizio della sperimentazione alla Scuola Elementare di Camorino <\/h3>\n            <p>Il 13 settembre abbiamo dato il via all\u2019esperimento SPECIFIC alla Scuola Elementare di Camorino: una giornata di festa con giochi, spettacoli e attivit\u00e0 dedicate alla bicicletta. Per due mesi, alunni e genitori raccoglieranno punti usando la bicicletta per andare a scuola, al lavoro o nel tempo libero. Inoltre, a scuola si terranno corsi di bicicletta sicura e al sabato chi vorr\u00e0 potr\u00e0 unirsi alle pedalate di SPECIFIC, alla scoperta del territorio circostante.<br \/>\nPi\u00f9 si user\u00e0 la bicicletta, pi\u00f9 punti si guadagneranno, verso un premio per l\u2019intera comunit\u00e0 scolastica.<br \/>\nRiusciranno, tutti assieme, a vincere la gita di studio per l\u2019intera scuola offerta dal progetto SPECIFIC? E come cambier\u00e0 la mobilit\u00e0 quotidiana di genitori e bambini? Segui i nostri canali per sapere che cosa succeder\u00e0!<\/p>\n            <p class=\"meta-tag\"><svg xmlns=\"http:\/\/www.w3.org\/2000\/svg\" width=\"18\" height=\"18\" viewBox=\"0 0 18 18\"><circle cx=\"9\" cy=\"9\" r=\"9\" style=\"fill:#4dcbc6;stroke-width:0\"\/><path d=\"m9.35 10.06 4.58-2a.88.88 0 0 0 .46-1.16.88.88 0 0 0-1.16-.46L9.88 7.9V2.25c0-.49-.39-.88-.88-.88s-.88.39-.88.88v7c0 .3.15.57.4.74.15.1.31.14.48.14.12 0 .24-.02.35-.07Z\" style=\"fill:#fff;stroke-width:0\"\/><\/svg>3 Oct, 2025 <\/p>\n        <\/div>\n    <\/div>\n<\/div>\n\n                                    \n<div class=\"tile\">\n<div class=\"image-block\">\n<button class=\"youtube-button\" aria-label=\"Play Youtube Video\" data-video-id=\"gc7Fb5MaLOU\"><\/button>\n<\/div>\n<div class=\"text-block\">\n        <div>\n            <h3>L&#8217;esperimento a Bellinzona e il primo videodiario esplicativo <\/h3>\n            <p>Ecco a voi il primo videodiario del progetto SPECIFIC per la citt\u00e0 di Bellinzona. Chi parteciper\u00e0 al progetto e quali sono le attivit\u00e0 previste dal nostro esperimento? Scopritelo in questo breve video realizzato dal team di ricerca della SUPSI!<\/p>\n            <p class=\"meta-tag\"><svg xmlns=\"http:\/\/www.w3.org\/2000\/svg\" width=\"18\" height=\"18\" viewBox=\"0 0 18 18\"><circle cx=\"9\" cy=\"9\" r=\"9\" style=\"fill:#4dcbc6;stroke-width:0\"\/><path d=\"m9.35 10.06 4.58-2a.88.88 0 0 0 .46-1.16.88.88 0 0 0-1.16-.46L9.88 7.9V2.25c0-.49-.39-.88-.88-.88s-.88.39-.88.88v7c0 .3.15.57.4.74.15.1.31.14.48.14.12 0 .24-.02.35-.07Z\" style=\"fill:#fff;stroke-width:0\"\/><\/svg>2 Dec, 2024 <\/p>\n        <\/div>\n    <\/div>\n<\/div>\n\n                                            <\/div>\n                                        <div class=\"facetwp-facet facetwp-facet-load_more facetwp-type-pager\" data-name=\"load_more\" data-type=\"pager\"><\/div><\/section>\n\n","protected":false},"excerpt":{"rendered":"","protected":false},"author":2,"featured_media":0,"parent":0,"menu_order":0,"comment_status":"closed","ping_status":"closed","template":"","meta":{"_acf_changed":true,"_monsterinsights_skip_tracking":false,"_monsterinsights_sitenote_active":false,"_monsterinsights_sitenote_note":"","_monsterinsights_sitenote_category":0,"footnotes":""},"class_list":["post-293","page","type-page","status-publish","hentry"],"acf":[],"publishpress_future_workflow_manual_trigger":{"enabledWorkflows":[]},"_links":{"self":[{"href":"https:\/\/www.15mcityspecific.org\/bellinzona\/wp-json\/wp\/v2\/pages\/293","targetHints":{"allow":["GET"]}}],"collection":[{"href":"https:\/\/www.15mcityspecific.org\/bellinzona\/wp-json\/wp\/v2\/pages"}],"about":[{"href":"https:\/\/www.15mcityspecific.org\/bellinzona\/wp-json\/wp\/v2\/types\/page"}],"author":[{"embeddable":true,"href":"https:\/\/www.15mcityspecific.org\/bellinzona\/wp-json\/wp\/v2\/users\/2"}],"replies":[{"embeddable":true,"href":"https:\/\/www.15mcityspecific.org\/bellinzona\/wp-json\/wp\/v2\/comments?post=293"}],"version-history":[{"count":0,"href":"https:\/\/www.15mcityspecific.org\/bellinzona\/wp-json\/wp\/v2\/pages\/293\/revisions"}],"wp:attachment":[{"href":"https:\/\/www.15mcityspecific.org\/bellinzona\/wp-json\/wp\/v2\/media?parent=293"}],"curies":[{"name":"wp","href":"https:\/\/api.w.org\/{rel}","templated":true}]}}