{"id":292,"date":"2024-03-10T18:47:03","date_gmt":"2024-03-10T18:47:03","guid":{"rendered":"https:\/\/specificnew.wpenginepowered.com\/bellinzona\/?page_id=292"},"modified":"2024-04-18T11:40:58","modified_gmt":"2024-04-18T11:40:58","slug":"notizia","status":"publish","type":"page","link":"https:\/\/www.15mcityspecific.org\/bellinzona\/notizia\/","title":{"rendered":"Notizie"},"content":{"rendered":"\n<section class=\"listing\">\n    \n    \n                        <div class=\"grid news\">\n                                    \n<a class=\"tile\" href=\"https:\/\/www.15mcityspecific.org\/bellinzona\/blog\/news\/la-sfida-di-specific-raccontata-alla-radio\/\" aria-label=\"Read more on La sfida di SPECIFIC raccontata alla radio\">\n    <div class=\"image-block\">\n        <img loading=\"lazy\" decoding=\"async\" width=\"400\" height=\"400\" src=\"https:\/\/www.15mcityspecific.org\/bellinzona\/wp-content\/uploads\/sites\/2\/2025\/10\/Alphaville-400x400.jpg\" class=\"attachment-medium size-medium wp-post-image\" alt=\"\" srcset=\"https:\/\/www.15mcityspecific.org\/bellinzona\/wp-content\/uploads\/sites\/2\/2025\/10\/Alphaville-400x400.jpg 400w, https:\/\/www.15mcityspecific.org\/bellinzona\/wp-content\/uploads\/sites\/2\/2025\/10\/Alphaville-1200x1200.jpg 1200w, https:\/\/www.15mcityspecific.org\/bellinzona\/wp-content\/uploads\/sites\/2\/2025\/10\/Alphaville-200x200.jpg 200w, https:\/\/www.15mcityspecific.org\/bellinzona\/wp-content\/uploads\/sites\/2\/2025\/10\/Alphaville-768x768.jpg 768w, https:\/\/www.15mcityspecific.org\/bellinzona\/wp-content\/uploads\/sites\/2\/2025\/10\/Alphaville.jpg 1300w\" sizes=\"auto, (max-width: 400px) 100vw, 400px\" \/>    <\/div>\n\n    <div class=\"text-block\">\n        <div>\n            <h3>La sfida di SPECIFIC raccontata alla radio <\/h3>\n            <p>Promuovere la bici come scelta sostenibile Nella puntata del 18 settembre del programma Alphaville su RSI, si \u00e8 parlato del progetto SPECIFIC e del ruolo della bicicletta nella costruzione di citt\u00e0 pi\u00f9 sostenibili. Francesca [&hellip;]<\/p>\n            <p class=\"meta-tag\"><svg xmlns=\"http:\/\/www.w3.org\/2000\/svg\" width=\"18\" height=\"18\" viewBox=\"0 0 18 18\"><circle cx=\"9\" cy=\"9\" r=\"9\" style=\"fill:#4dcbc6;stroke-width:0\"\/><path d=\"m9.35 10.06 4.58-2a.88.88 0 0 0 .46-1.16.88.88 0 0 0-1.16-.46L9.88 7.9V2.25c0-.49-.39-.88-.88-.88s-.88.39-.88.88v7c0 .3.15.57.4.74.15.1.31.14.48.14.12 0 .24-.02.35-.07Z\" style=\"fill:#fff;stroke-width:0\"\/><\/svg>2 Oct, 2025 <\/p>\n        <\/div>\n    <\/div>\n<\/a>                                    \n<a class=\"tile\" href=\"https:\/\/www.15mcityspecific.org\/bellinzona\/blog\/news\/nuovo-articolo-supsi-su-specific\/\" aria-label=\"Read more on Nuovo articolo SUPSI su SPECIFIC\">\n    <div class=\"image-block\">\n        <img loading=\"lazy\" decoding=\"async\" width=\"400\" height=\"175\" src=\"https:\/\/www.15mcityspecific.org\/bellinzona\/wp-content\/uploads\/sites\/2\/2024\/04\/IMG_0640-copy-004-400x175.jpg\" class=\"attachment-medium size-medium wp-post-image\" alt=\"\" srcset=\"https:\/\/www.15mcityspecific.org\/bellinzona\/wp-content\/uploads\/sites\/2\/2024\/04\/IMG_0640-copy-004-400x175.jpg 400w, https:\/\/www.15mcityspecific.org\/bellinzona\/wp-content\/uploads\/sites\/2\/2024\/04\/IMG_0640-copy-004-1200x524.jpg 1200w, https:\/\/www.15mcityspecific.org\/bellinzona\/wp-content\/uploads\/sites\/2\/2024\/04\/IMG_0640-copy-004-768x335.jpg 768w, https:\/\/www.15mcityspecific.org\/bellinzona\/wp-content\/uploads\/sites\/2\/2024\/04\/IMG_0640-copy-004-1536x670.jpg 1536w, https:\/\/www.15mcityspecific.org\/bellinzona\/wp-content\/uploads\/sites\/2\/2024\/04\/IMG_0640-copy-004-2048x894.jpg 2048w\" sizes=\"auto, (max-width: 400px) 100vw, 400px\" \/>    <\/div>\n\n    <div class=\"text-block\">\n        <div>\n            <h3>Nuovo articolo SUPSI su SPECIFIC <\/h3>\n            <p>Lo scorso 8 settembre, il sito web istituzionale della SUPSI ha pubblicato una News di presentazione del progetto di SPECIFIC a Bellinzona. L&#8217;articolo riassume il contesto in cui nasce la necessit\u00e0 di sperimentare, attraverso [&hellip;]<\/p>\n            <p class=\"meta-tag\"><svg xmlns=\"http:\/\/www.w3.org\/2000\/svg\" width=\"18\" height=\"18\" viewBox=\"0 0 18 18\"><circle cx=\"9\" cy=\"9\" r=\"9\" style=\"fill:#4dcbc6;stroke-width:0\"\/><path d=\"m9.35 10.06 4.58-2a.88.88 0 0 0 .46-1.16.88.88 0 0 0-1.16-.46L9.88 7.9V2.25c0-.49-.39-.88-.88-.88s-.88.39-.88.88v7c0 .3.15.57.4.74.15.1.31.14.48.14.12 0 .24-.02.35-.07Z\" style=\"fill:#fff;stroke-width:0\"\/><\/svg>9 Sep, 2025 <\/p>\n        <\/div>\n    <\/div>\n<\/a>                                    \n<a class=\"tile\" href=\"https:\/\/www.15mcityspecific.org\/bellinzona\/blog\/news\/tavola-rotonda-una-citta-a-misura-delle-persone\/\" aria-label=\"Read more on Tavola rotonda \u201cUna citt\u00e0 a misura delle persone\u201d\">\n    <div class=\"image-block\">\n        <img loading=\"lazy\" decoding=\"async\" width=\"400\" height=\"279\" src=\"https:\/\/www.15mcityspecific.org\/bellinzona\/wp-content\/uploads\/sites\/2\/2024\/09\/Cattura1-400x279.png\" class=\"attachment-medium size-medium wp-post-image\" alt=\"\" srcset=\"https:\/\/www.15mcityspecific.org\/bellinzona\/wp-content\/uploads\/sites\/2\/2024\/09\/Cattura1-400x279.png 400w, https:\/\/www.15mcityspecific.org\/bellinzona\/wp-content\/uploads\/sites\/2\/2024\/09\/Cattura1-768x536.png 768w, https:\/\/www.15mcityspecific.org\/bellinzona\/wp-content\/uploads\/sites\/2\/2024\/09\/Cattura1.png 1051w\" sizes=\"auto, (max-width: 400px) 100vw, 400px\" \/>    <\/div>\n\n    <div class=\"text-block\">\n        <div>\n            <h3>Tavola rotonda \u201cUna citt\u00e0 a misura delle persone\u201d <\/h3>\n            <p>Bellinzona, 17 giugno 2025 Con la fine della primavera, arriva anche l\u2019ultima tappa in Canton Ticino dell\u2019esposizione \u201cLa prossimit\u00e0 \u00e8 il futuro:&nbsp;Quartieri-di-10-minuti\u201d curata dalla ricercatrice Sibylle W\u00e4lty del centro Wohnforum &#8211; CASE del Politecnico [&hellip;]<\/p>\n            <p class=\"meta-tag\"><svg xmlns=\"http:\/\/www.w3.org\/2000\/svg\" width=\"18\" height=\"18\" viewBox=\"0 0 18 18\"><circle cx=\"9\" cy=\"9\" r=\"9\" style=\"fill:#4dcbc6;stroke-width:0\"\/><path d=\"m9.35 10.06 4.58-2a.88.88 0 0 0 .46-1.16.88.88 0 0 0-1.16-.46L9.88 7.9V2.25c0-.49-.39-.88-.88-.88s-.88.39-.88.88v7c0 .3.15.57.4.74.15.1.31.14.48.14.12 0 .24-.02.35-.07Z\" style=\"fill:#fff;stroke-width:0\"\/><\/svg>18 Jun, 2025 <\/p>\n        <\/div>\n    <\/div>\n<\/a>                                    \n<a class=\"tile\" href=\"https:\/\/www.15mcityspecific.org\/bellinzona\/blog\/news\/una-citta-a-misura-delle-persone\/\" aria-label=\"Read more on Una citt\u00e0 a misura delle persone\">\n    <div class=\"image-block\">\n        <img loading=\"lazy\" decoding=\"async\" width=\"400\" height=\"300\" src=\"https:\/\/www.15mcityspecific.org\/bellinzona\/wp-content\/uploads\/sites\/2\/2025\/04\/PHOTO-2025-04-02-21-28-59-400x300.jpg\" class=\"attachment-medium size-medium wp-post-image\" alt=\"\" srcset=\"https:\/\/www.15mcityspecific.org\/bellinzona\/wp-content\/uploads\/sites\/2\/2025\/04\/PHOTO-2025-04-02-21-28-59-400x300.jpg 400w, https:\/\/www.15mcityspecific.org\/bellinzona\/wp-content\/uploads\/sites\/2\/2025\/04\/PHOTO-2025-04-02-21-28-59-1200x900.jpg 1200w, https:\/\/www.15mcityspecific.org\/bellinzona\/wp-content\/uploads\/sites\/2\/2025\/04\/PHOTO-2025-04-02-21-28-59-768x576.jpg 768w, https:\/\/www.15mcityspecific.org\/bellinzona\/wp-content\/uploads\/sites\/2\/2025\/04\/PHOTO-2025-04-02-21-28-59-1536x1152.jpg 1536w, https:\/\/www.15mcityspecific.org\/bellinzona\/wp-content\/uploads\/sites\/2\/2025\/04\/PHOTO-2025-04-02-21-28-59.jpg 1600w\" sizes=\"auto, (max-width: 400px) 100vw, 400px\" \/>    <\/div>\n\n    <div class=\"text-block\">\n        <div>\n            <h3>Una citt\u00e0 a misura delle persone <\/h3>\n            <p>Ieri sera, mercoled\u00ec 2 aprile 2025, a Locarno, la tavola rotonda &#8220;Una citt\u00e0 a misura delle persone&#8221; ha ri-aperto l&#8217;esposizione &#8220;La prossimit\u00e0 \u00e8 il futuro: Quartieri-di-10-minuti&#8221; che sta facendo il giro della Svizzera! La [&hellip;]<\/p>\n            <p class=\"meta-tag\"><svg xmlns=\"http:\/\/www.w3.org\/2000\/svg\" width=\"18\" height=\"18\" viewBox=\"0 0 18 18\"><circle cx=\"9\" cy=\"9\" r=\"9\" style=\"fill:#4dcbc6;stroke-width:0\"\/><path d=\"m9.35 10.06 4.58-2a.88.88 0 0 0 .46-1.16.88.88 0 0 0-1.16-.46L9.88 7.9V2.25c0-.49-.39-.88-.88-.88s-.88.39-.88.88v7c0 .3.15.57.4.74.15.1.31.14.48.14.12 0 .24-.02.35-.07Z\" style=\"fill:#fff;stroke-width:0\"\/><\/svg>3 Apr, 2025 <\/p>\n        <\/div>\n    <\/div>\n<\/a>                                    \n<a class=\"tile\" href=\"https:\/\/www.15mcityspecific.org\/bellinzona\/blog\/news\/i-policy-briefs-delle-citta-specific-sono-ora-online\/\" aria-label=\"Read more on I Policy briefs delle citt\u00e0 SPECIFIC sono ora online!\">\n    <div class=\"image-block\">\n        <img loading=\"lazy\" decoding=\"async\" width=\"400\" height=\"225\" src=\"https:\/\/www.15mcityspecific.org\/bellinzona\/wp-content\/uploads\/sites\/2\/2025\/01\/Bike-Sharing-400x225.jpg\" class=\"attachment-medium size-medium wp-post-image\" alt=\"\" srcset=\"https:\/\/www.15mcityspecific.org\/bellinzona\/wp-content\/uploads\/sites\/2\/2025\/01\/Bike-Sharing-400x225.jpg 400w, https:\/\/www.15mcityspecific.org\/bellinzona\/wp-content\/uploads\/sites\/2\/2025\/01\/Bike-Sharing-1200x675.jpg 1200w, https:\/\/www.15mcityspecific.org\/bellinzona\/wp-content\/uploads\/sites\/2\/2025\/01\/Bike-Sharing-768x432.jpg 768w, https:\/\/www.15mcityspecific.org\/bellinzona\/wp-content\/uploads\/sites\/2\/2025\/01\/Bike-Sharing-1536x864.jpg 1536w, https:\/\/www.15mcityspecific.org\/bellinzona\/wp-content\/uploads\/sites\/2\/2025\/01\/Bike-Sharing-2048x1152.jpg 2048w\" sizes=\"auto, (max-width: 400px) 100vw, 400px\" \/>    <\/div>\n\n    <div class=\"text-block\">\n        <div>\n            <h3>I Policy briefs delle citt\u00e0 SPECIFIC sono ora online! <\/h3>\n            <p>Siamo felici di annunciarvi che per tutte le citt\u00e0 partner di SPECIFIC abbiamo appena pubblicato brevi documenti di sintesi sulle iniziative per la mobilit\u00e0 ciclabile: sono disponibili gratuitamente nella sezione generale Findings. Questi documenti [&hellip;]<\/p>\n            <p class=\"meta-tag\"><svg xmlns=\"http:\/\/www.w3.org\/2000\/svg\" width=\"18\" height=\"18\" viewBox=\"0 0 18 18\"><circle cx=\"9\" cy=\"9\" r=\"9\" style=\"fill:#4dcbc6;stroke-width:0\"\/><path d=\"m9.35 10.06 4.58-2a.88.88 0 0 0 .46-1.16.88.88 0 0 0-1.16-.46L9.88 7.9V2.25c0-.49-.39-.88-.88-.88s-.88.39-.88.88v7c0 .3.15.57.4.74.15.1.31.14.48.14.12 0 .24-.02.35-.07Z\" style=\"fill:#fff;stroke-width:0\"\/><\/svg>11 Mar, 2025 <\/p>\n        <\/div>\n    <\/div>\n<\/a>                                    \n<a class=\"tile\" href=\"https:\/\/www.15mcityspecific.org\/bellinzona\/blog\/news\/workshop-sulla-citta-dei-15-minuti-al-bachelor-in-architettura-della-supsi\/\" aria-label=\"Read more on Workshop sulla Citt\u00e0 dei 15 minuti al bachelor in Architettura della SUPSI\">\n    <div class=\"image-block\">\n        <img loading=\"lazy\" decoding=\"async\" width=\"400\" height=\"266\" src=\"https:\/\/www.15mcityspecific.org\/bellinzona\/wp-content\/uploads\/sites\/2\/2025\/02\/15-minute-city-400x266.png\" class=\"attachment-medium size-medium wp-post-image\" alt=\"\" srcset=\"https:\/\/www.15mcityspecific.org\/bellinzona\/wp-content\/uploads\/sites\/2\/2025\/02\/15-minute-city-400x266.png 400w, https:\/\/www.15mcityspecific.org\/bellinzona\/wp-content\/uploads\/sites\/2\/2025\/02\/15-minute-city.png 500w\" sizes=\"auto, (max-width: 400px) 100vw, 400px\" \/>    <\/div>\n\n    <div class=\"text-block\">\n        <div>\n            <h3>Workshop sulla Citt\u00e0 dei 15 minuti al bachelor in Architettura della SUPSI <\/h3>\n            <p>I principi della citt\u00e0 dei 15 minuti sono stati alla base di un workshop con le studentesse e gli studenti del bachelor in Architettura della SUPSI, durante un seminario su architettura e sostenibilit\u00e0. Il [&hellip;]<\/p>\n            <p class=\"meta-tag\"><svg xmlns=\"http:\/\/www.w3.org\/2000\/svg\" width=\"18\" height=\"18\" viewBox=\"0 0 18 18\"><circle cx=\"9\" cy=\"9\" r=\"9\" style=\"fill:#4dcbc6;stroke-width:0\"\/><path d=\"m9.35 10.06 4.58-2a.88.88 0 0 0 .46-1.16.88.88 0 0 0-1.16-.46L9.88 7.9V2.25c0-.49-.39-.88-.88-.88s-.88.39-.88.88v7c0 .3.15.57.4.74.15.1.31.14.48.14.12 0 .24-.02.35-.07Z\" style=\"fill:#fff;stroke-width:0\"\/><\/svg>11 Feb, 2025 <\/p>\n        <\/div>\n    <\/div>\n<\/a>                                    \n<a class=\"tile\" href=\"https:\/\/www.15mcityspecific.org\/bellinzona\/blog\/news\/da-mendrisio-a-ginevra-i-temi-della-prossimita-e-della-mobilita-attiva-viaggiano-attraverso-la-svizzera\/\" aria-label=\"Read more on Da Mendrisio a Ginevra, i temi della prossimit\u00e0 e della mobilit\u00e0 attiva viaggiano attraverso la Svizzera!\">\n    <div class=\"image-block\">\n        <img loading=\"lazy\" decoding=\"async\" width=\"400\" height=\"225\" src=\"https:\/\/www.15mcityspecific.org\/bellinzona\/wp-content\/uploads\/sites\/2\/2024\/10\/Progetto-senza-titolo-400x225.jpg\" class=\"attachment-medium size-medium wp-post-image\" alt=\"\" srcset=\"https:\/\/www.15mcityspecific.org\/bellinzona\/wp-content\/uploads\/sites\/2\/2024\/10\/Progetto-senza-titolo-400x225.jpg 400w, https:\/\/www.15mcityspecific.org\/bellinzona\/wp-content\/uploads\/sites\/2\/2024\/10\/Progetto-senza-titolo-1200x675.jpg 1200w, https:\/\/www.15mcityspecific.org\/bellinzona\/wp-content\/uploads\/sites\/2\/2024\/10\/Progetto-senza-titolo-768x432.jpg 768w, https:\/\/www.15mcityspecific.org\/bellinzona\/wp-content\/uploads\/sites\/2\/2024\/10\/Progetto-senza-titolo-1536x864.jpg 1536w, https:\/\/www.15mcityspecific.org\/bellinzona\/wp-content\/uploads\/sites\/2\/2024\/10\/Progetto-senza-titolo.jpg 1920w\" sizes=\"auto, (max-width: 400px) 100vw, 400px\" \/>    <\/div>\n\n    <div class=\"text-block\">\n        <div>\n            <h3>Da Mendrisio a Ginevra, i temi della prossimit\u00e0 e della mobilit\u00e0 attiva viaggiano attraverso la Svizzera! <\/h3>\n            <p>Grazie all\u2019esposizione sui Quartieri-10-minuti, gi\u00e0 ospitata alla SUPSI di Mendrisio, i temi promossi da SPECIFIC si fanno largo anche in Svizzera romanda. Anche Le Temps, il quotidiano pi\u00f9 diffuso nella Svizzera francese, si mostra [&hellip;]<\/p>\n            <p class=\"meta-tag\"><svg xmlns=\"http:\/\/www.w3.org\/2000\/svg\" width=\"18\" height=\"18\" viewBox=\"0 0 18 18\"><circle cx=\"9\" cy=\"9\" r=\"9\" style=\"fill:#4dcbc6;stroke-width:0\"\/><path d=\"m9.35 10.06 4.58-2a.88.88 0 0 0 .46-1.16.88.88 0 0 0-1.16-.46L9.88 7.9V2.25c0-.49-.39-.88-.88-.88s-.88.39-.88.88v7c0 .3.15.57.4.74.15.1.31.14.48.14.12 0 .24-.02.35-.07Z\" style=\"fill:#fff;stroke-width:0\"\/><\/svg>15 Oct, 2024 <\/p>\n        <\/div>\n    <\/div>\n<\/a>                                    \n<a class=\"tile\" href=\"https:\/\/www.15mcityspecific.org\/bellinzona\/blog\/news\/workshop-alle-frontiere-dellurbano\/\" aria-label=\"Read more on Workshop &#8220;Alle frontiere dell&#8217;urbano&#8221;\">\n    <div class=\"image-block\">\n        <img loading=\"lazy\" decoding=\"async\" width=\"400\" height=\"300\" src=\"https:\/\/www.15mcityspecific.org\/bellinzona\/wp-content\/uploads\/sites\/2\/2024\/10\/IMG_7627-400x300.jpg\" class=\"attachment-medium size-medium wp-post-image\" alt=\"\" srcset=\"https:\/\/www.15mcityspecific.org\/bellinzona\/wp-content\/uploads\/sites\/2\/2024\/10\/IMG_7627-400x300.jpg 400w, https:\/\/www.15mcityspecific.org\/bellinzona\/wp-content\/uploads\/sites\/2\/2024\/10\/IMG_7627-1200x900.jpg 1200w, https:\/\/www.15mcityspecific.org\/bellinzona\/wp-content\/uploads\/sites\/2\/2024\/10\/IMG_7627-768x576.jpg 768w, https:\/\/www.15mcityspecific.org\/bellinzona\/wp-content\/uploads\/sites\/2\/2024\/10\/IMG_7627-1536x1152.jpg 1536w, https:\/\/www.15mcityspecific.org\/bellinzona\/wp-content\/uploads\/sites\/2\/2024\/10\/IMG_7627-2048x1536.jpg 2048w\" sizes=\"auto, (max-width: 400px) 100vw, 400px\" \/>    <\/div>\n\n    <div class=\"text-block\">\n        <div>\n            <h3>Workshop &#8220;Alle frontiere dell&#8217;urbano&#8221; <\/h3>\n            <p>Il 3 ottobre 2024 il progetto di SPECIFIC \u00e8 stato presentato al workshop \u201cAlle frontiere dell\u2019urbano\u201d organizzato dai ricercatori SUPSI del team \u201cLabour, Urbanscapes and Citizenship\u201d. I partecipanti al workshop si sono interrogati sul [&hellip;]<\/p>\n            <p class=\"meta-tag\"><svg xmlns=\"http:\/\/www.w3.org\/2000\/svg\" width=\"18\" height=\"18\" viewBox=\"0 0 18 18\"><circle cx=\"9\" cy=\"9\" r=\"9\" style=\"fill:#4dcbc6;stroke-width:0\"\/><path d=\"m9.35 10.06 4.58-2a.88.88 0 0 0 .46-1.16.88.88 0 0 0-1.16-.46L9.88 7.9V2.25c0-.49-.39-.88-.88-.88s-.88.39-.88.88v7c0 .3.15.57.4.74.15.1.31.14.48.14.12 0 .24-.02.35-.07Z\" style=\"fill:#fff;stroke-width:0\"\/><\/svg>13 Oct, 2024 <\/p>\n        <\/div>\n    <\/div>\n<\/a>                                            <\/div>\n                                        <div class=\"facetwp-facet facetwp-facet-load_more facetwp-type-pager\" data-name=\"load_more\" data-type=\"pager\"><\/div><\/section>\n\n","protected":false},"excerpt":{"rendered":"","protected":false},"author":2,"featured_media":0,"parent":0,"menu_order":0,"comment_status":"closed","ping_status":"closed","template":"","meta":{"_acf_changed":true,"_monsterinsights_skip_tracking":false,"_monsterinsights_sitenote_active":false,"_monsterinsights_sitenote_note":"","_monsterinsights_sitenote_category":0,"footnotes":""},"class_list":["post-292","page","type-page","status-publish","hentry"],"acf":[],"publishpress_future_workflow_manual_trigger":{"enabledWorkflows":[]},"_links":{"self":[{"href":"https:\/\/www.15mcityspecific.org\/bellinzona\/wp-json\/wp\/v2\/pages\/292","targetHints":{"allow":["GET"]}}],"collection":[{"href":"https:\/\/www.15mcityspecific.org\/bellinzona\/wp-json\/wp\/v2\/pages"}],"about":[{"href":"https:\/\/www.15mcityspecific.org\/bellinzona\/wp-json\/wp\/v2\/types\/page"}],"author":[{"embeddable":true,"href":"https:\/\/www.15mcityspecific.org\/bellinzona\/wp-json\/wp\/v2\/users\/2"}],"replies":[{"embeddable":true,"href":"https:\/\/www.15mcityspecific.org\/bellinzona\/wp-json\/wp\/v2\/comments?post=292"}],"version-history":[{"count":0,"href":"https:\/\/www.15mcityspecific.org\/bellinzona\/wp-json\/wp\/v2\/pages\/292\/revisions"}],"wp:attachment":[{"href":"https:\/\/www.15mcityspecific.org\/bellinzona\/wp-json\/wp\/v2\/media?parent=292"}],"curies":[{"name":"wp","href":"https:\/\/api.w.org\/{rel}","templated":true}]}}