{"id":290,"date":"2024-03-10T18:44:53","date_gmt":"2024-03-10T18:44:53","guid":{"rendered":"https:\/\/specificnew.wpenginepowered.com\/bellinzona\/?page_id=290"},"modified":"2025-07-29T14:01:38","modified_gmt":"2025-07-29T14:01:38","slug":"commento","status":"publish","type":"page","link":"https:\/\/www.15mcityspecific.org\/bellinzona\/commento\/","title":{"rendered":"La sfida"},"content":{"rendered":"\n<section class=\"listing\">\n    \n    \n                        <div class=\"grid commentary\">\n                                    <a class=\"tile\" href=\"https:\/\/www.15mcityspecific.org\/bellinzona\/blog\/commentary\/workshop-sicurezza-in-bici\/\" aria-label=\"Read more on Workshop \u201cSicurezza in bici\u201d\">\n    <div class=\"image-block\">\n        <img loading=\"lazy\" decoding=\"async\" width=\"400\" height=\"300\" src=\"https:\/\/www.15mcityspecific.org\/bellinzona\/wp-content\/uploads\/sites\/2\/2025\/09\/IMG_8557-400x300.jpg\" class=\"attachment-medium size-medium wp-post-image\" alt=\"\" srcset=\"https:\/\/www.15mcityspecific.org\/bellinzona\/wp-content\/uploads\/sites\/2\/2025\/09\/IMG_8557-400x300.jpg 400w, https:\/\/www.15mcityspecific.org\/bellinzona\/wp-content\/uploads\/sites\/2\/2025\/09\/IMG_8557-1200x900.jpg 1200w, https:\/\/www.15mcityspecific.org\/bellinzona\/wp-content\/uploads\/sites\/2\/2025\/09\/IMG_8557-768x576.jpg 768w, https:\/\/www.15mcityspecific.org\/bellinzona\/wp-content\/uploads\/sites\/2\/2025\/09\/IMG_8557-1536x1152.jpg 1536w, https:\/\/www.15mcityspecific.org\/bellinzona\/wp-content\/uploads\/sites\/2\/2025\/09\/IMG_8557-2048x1536.jpg 2048w\" sizes=\"auto, (max-width: 400px) 100vw, 400px\" \/>    <\/div>\n\n    <div class=\"text-block\">\n        <div>\n            <h3>Workshop \u201cSicurezza in bici\u201d <\/h3>\n            <p>Stamattina la scuola ha ospitato il workshop di SPECIFIC dedicato alla sicurezza in bici. Ogni classe ha potuto partecipare a tre attivit\u00e0 diverse ma complementari: La mattinata \u00e8 stata intensa ma di grande utilit\u00e0 [&hellip;]<\/p>\n            <p class=\"meta-tag\"><svg xmlns=\"http:\/\/www.w3.org\/2000\/svg\" width=\"18\" height=\"18\" viewBox=\"0 0 18 18\"><circle cx=\"9\" cy=\"9\" r=\"9\" style=\"fill:#4dcbc6;stroke-width:0\"\/><path d=\"m9.35 10.06 4.58-2a.88.88 0 0 0 .46-1.16.88.88 0 0 0-1.16-.46L9.88 7.9V2.25c0-.49-.39-.88-.88-.88s-.88.39-.88.88v7c0 .3.15.57.4.74.15.1.31.14.48.14.12 0 .24-.02.35-.07Z\" style=\"fill:#fff;stroke-width:0\"\/><\/svg>19 Sep, 2025 <\/p>\n        <\/div>\n    <\/div>\n<\/a>                                    <a class=\"tile\" href=\"https:\/\/www.15mcityspecific.org\/bellinzona\/blog\/commentary\/si-parte\/\" aria-label=\"Read more on Tutti in sella!\">\n    <div class=\"image-block\">\n        <img loading=\"lazy\" decoding=\"async\" width=\"400\" height=\"400\" src=\"https:\/\/www.15mcityspecific.org\/bellinzona\/wp-content\/uploads\/sites\/2\/2025\/09\/Prima-400x400.png\" class=\"attachment-medium size-medium wp-post-image\" alt=\"\" srcset=\"https:\/\/www.15mcityspecific.org\/bellinzona\/wp-content\/uploads\/sites\/2\/2025\/09\/Prima-400x400.png 400w, https:\/\/www.15mcityspecific.org\/bellinzona\/wp-content\/uploads\/sites\/2\/2025\/09\/Prima-200x200.png 200w, https:\/\/www.15mcityspecific.org\/bellinzona\/wp-content\/uploads\/sites\/2\/2025\/09\/Prima.png 500w\" sizes=\"auto, (max-width: 400px) 100vw, 400px\" \/>    <\/div>\n\n    <div class=\"text-block\">\n        <div>\n            <h3>Tutti in sella! <\/h3>\n            <p>Oggi, luned\u00ec 15 settembre, iniziamo ufficialmente la Sfida di SPECIFIC alla SE di Camorino! Cosa vuol dire questo? Prima di tutto, i genitori potranno guadagnare punti utili alla scuola andando in bicicletta (s\u00ec, solo [&hellip;]<\/p>\n            <p class=\"meta-tag\"><svg xmlns=\"http:\/\/www.w3.org\/2000\/svg\" width=\"18\" height=\"18\" viewBox=\"0 0 18 18\"><circle cx=\"9\" cy=\"9\" r=\"9\" style=\"fill:#4dcbc6;stroke-width:0\"\/><path d=\"m9.35 10.06 4.58-2a.88.88 0 0 0 .46-1.16.88.88 0 0 0-1.16-.46L9.88 7.9V2.25c0-.49-.39-.88-.88-.88s-.88.39-.88.88v7c0 .3.15.57.4.74.15.1.31.14.48.14.12 0 .24-.02.35-.07Z\" style=\"fill:#fff;stroke-width:0\"\/><\/svg>15 Sep, 2025 <\/p>\n        <\/div>\n    <\/div>\n<\/a>                                    <a class=\"tile\" href=\"https:\/\/www.15mcityspecific.org\/bellinzona\/blog\/commentary\/pronti-via\/\" aria-label=\"Read more on Pronti? VIA!\">\n    <div class=\"image-block\">\n        <img loading=\"lazy\" decoding=\"async\" width=\"400\" height=\"400\" src=\"https:\/\/www.15mcityspecific.org\/bellinzona\/wp-content\/uploads\/sites\/2\/2025\/09\/Progetto-senza-titolo-5-400x400.png\" class=\"attachment-medium size-medium wp-post-image\" alt=\"\" srcset=\"https:\/\/www.15mcityspecific.org\/bellinzona\/wp-content\/uploads\/sites\/2\/2025\/09\/Progetto-senza-titolo-5-400x400.png 400w, https:\/\/www.15mcityspecific.org\/bellinzona\/wp-content\/uploads\/sites\/2\/2025\/09\/Progetto-senza-titolo-5-200x200.png 200w, https:\/\/www.15mcityspecific.org\/bellinzona\/wp-content\/uploads\/sites\/2\/2025\/09\/Progetto-senza-titolo-5.png 500w\" sizes=\"auto, (max-width: 400px) 100vw, 400px\" \/>    <\/div>\n\n    <div class=\"text-block\">\n        <div>\n            <h3>Pronti? VIA! <\/h3>\n            <p>Festa di apertura di SPECIFIC a scuola Questo sabato, 13 settembre 2025, lanciamo ufficialmente l\u2019esperimento di SPECIFIC alla SE di Camorino! Vieni a festeggiare con noi nel piazzale della scuola, qui sotto trovi il [&hellip;]<\/p>\n            <p class=\"meta-tag\"><svg xmlns=\"http:\/\/www.w3.org\/2000\/svg\" width=\"18\" height=\"18\" viewBox=\"0 0 18 18\"><circle cx=\"9\" cy=\"9\" r=\"9\" style=\"fill:#4dcbc6;stroke-width:0\"\/><path d=\"m9.35 10.06 4.58-2a.88.88 0 0 0 .46-1.16.88.88 0 0 0-1.16-.46L9.88 7.9V2.25c0-.49-.39-.88-.88-.88s-.88.39-.88.88v7c0 .3.15.57.4.74.15.1.31.14.48.14.12 0 .24-.02.35-.07Z\" style=\"fill:#fff;stroke-width:0\"\/><\/svg>11 Sep, 2025 <\/p>\n        <\/div>\n    <\/div>\n<\/a>                                    <a class=\"tile\" href=\"https:\/\/www.15mcityspecific.org\/bellinzona\/blog\/commentary\/scarica-qui-il-materiale-informativo\/\" aria-label=\"Read more on Scarica qui il materiale informativo!\">\n    <div class=\"image-block\">\n        <img loading=\"lazy\" decoding=\"async\" width=\"299\" height=\"301\" src=\"https:\/\/www.15mcityspecific.org\/bellinzona\/wp-content\/uploads\/sites\/2\/2024\/03\/cities-3.png\" class=\"attachment-medium size-medium wp-post-image\" alt=\"\" srcset=\"https:\/\/www.15mcityspecific.org\/bellinzona\/wp-content\/uploads\/sites\/2\/2024\/03\/cities-3.png 299w, https:\/\/www.15mcityspecific.org\/bellinzona\/wp-content\/uploads\/sites\/2\/2024\/03\/cities-3-200x200.png 200w\" sizes=\"auto, (max-width: 299px) 100vw, 299px\" \/>    <\/div>\n\n    <div class=\"text-block\">\n        <div>\n            <h3>Scarica qui il materiale informativo! <\/h3>\n            <p>Qui sotto trovi il flyer informativo per i genitori e il biglietto SPECIFIC per i bambini che abbiamo consegnato la prima settimana di scuola&#8230; se li hai persi, puoi scaricarli e stamparli autonomamente (buon [&hellip;]<\/p>\n            <p class=\"meta-tag\"><svg xmlns=\"http:\/\/www.w3.org\/2000\/svg\" width=\"18\" height=\"18\" viewBox=\"0 0 18 18\"><circle cx=\"9\" cy=\"9\" r=\"9\" style=\"fill:#4dcbc6;stroke-width:0\"\/><path d=\"m9.35 10.06 4.58-2a.88.88 0 0 0 .46-1.16.88.88 0 0 0-1.16-.46L9.88 7.9V2.25c0-.49-.39-.88-.88-.88s-.88.39-.88.88v7c0 .3.15.57.4.74.15.1.31.14.48.14.12 0 .24-.02.35-.07Z\" style=\"fill:#fff;stroke-width:0\"\/><\/svg>29 Aug, 2025 <\/p>\n        <\/div>\n    <\/div>\n<\/a>                                    <a class=\"tile\" href=\"https:\/\/www.15mcityspecific.org\/bellinzona\/blog\/commentary\/parte-lesperimento-di-specific-a-bellinzona-camorino\/\" aria-label=\"Read more on Parte l&#8217;esperimento di SPECIFIC a Bellinzona &#8211; Camorino\">\n    <div class=\"image-block\">\n        <img loading=\"lazy\" decoding=\"async\" width=\"400\" height=\"400\" src=\"https:\/\/www.15mcityspecific.org\/bellinzona\/wp-content\/uploads\/sites\/2\/2025\/08\/Progetto-senza-titolo-pdf-400x400.jpg\" class=\"attachment-medium size-medium wp-post-image\" alt=\"\" \/>    <\/div>\n\n    <div class=\"text-block\">\n        <div>\n            <h3>Parte l&#8217;esperimento di SPECIFIC a Bellinzona &#8211; Camorino <\/h3>\n            <p>Nel quartiere bellinzonese di Camorino, da settembre a novembre 2025, gli alunni della scuola elementare verranno accompagnati dai ricercatori SUPSI e da diversi partner locali (la Citt\u00e0 di Bellinzona, l\u2019istituto scolastico della zona blu [&hellip;]<\/p>\n            <p class=\"meta-tag\"><svg xmlns=\"http:\/\/www.w3.org\/2000\/svg\" width=\"18\" height=\"18\" viewBox=\"0 0 18 18\"><circle cx=\"9\" cy=\"9\" r=\"9\" style=\"fill:#4dcbc6;stroke-width:0\"\/><path d=\"m9.35 10.06 4.58-2a.88.88 0 0 0 .46-1.16.88.88 0 0 0-1.16-.46L9.88 7.9V2.25c0-.49-.39-.88-.88-.88s-.88.39-.88.88v7c0 .3.15.57.4.74.15.1.31.14.48.14.12 0 .24-.02.35-.07Z\" style=\"fill:#fff;stroke-width:0\"\/><\/svg>29 Aug, 2025 <\/p>\n        <\/div>\n    <\/div>\n<\/a>                                            <\/div>\n                                        <div class=\"facetwp-facet facetwp-facet-load_more facetwp-type-pager\" data-name=\"load_more\" data-type=\"pager\"><\/div><\/section>\n\n","protected":false},"excerpt":{"rendered":"","protected":false},"author":2,"featured_media":0,"parent":0,"menu_order":0,"comment_status":"closed","ping_status":"closed","template":"","meta":{"_acf_changed":false,"_monsterinsights_skip_tracking":false,"_monsterinsights_sitenote_active":false,"_monsterinsights_sitenote_note":"","_monsterinsights_sitenote_category":0,"footnotes":""},"class_list":["post-290","page","type-page","status-publish","hentry"],"acf":[],"publishpress_future_workflow_manual_trigger":{"enabledWorkflows":[]},"_links":{"self":[{"href":"https:\/\/www.15mcityspecific.org\/bellinzona\/wp-json\/wp\/v2\/pages\/290","targetHints":{"allow":["GET"]}}],"collection":[{"href":"https:\/\/www.15mcityspecific.org\/bellinzona\/wp-json\/wp\/v2\/pages"}],"about":[{"href":"https:\/\/www.15mcityspecific.org\/bellinzona\/wp-json\/wp\/v2\/types\/page"}],"author":[{"embeddable":true,"href":"https:\/\/www.15mcityspecific.org\/bellinzona\/wp-json\/wp\/v2\/users\/2"}],"replies":[{"embeddable":true,"href":"https:\/\/www.15mcityspecific.org\/bellinzona\/wp-json\/wp\/v2\/comments?post=290"}],"version-history":[{"count":1,"href":"https:\/\/www.15mcityspecific.org\/bellinzona\/wp-json\/wp\/v2\/pages\/290\/revisions"}],"predecessor-version":[{"id":771,"href":"https:\/\/www.15mcityspecific.org\/bellinzona\/wp-json\/wp\/v2\/pages\/290\/revisions\/771"}],"wp:attachment":[{"href":"https:\/\/www.15mcityspecific.org\/bellinzona\/wp-json\/wp\/v2\/media?parent=290"}],"curies":[{"name":"wp","href":"https:\/\/api.w.org\/{rel}","templated":true}]}}